{"id":201705,"date":"2026-05-13T07:53:29","date_gmt":"2026-05-13T05:53:29","guid":{"rendered":"https:\/\/stayy.ch\/?page_id=201705"},"modified":"2026-05-13T07:53:29","modified_gmt":"2026-05-13T05:53:29","slug":"general-terms-and-conditions","status":"publish","type":"page","link":"https:\/\/stayy.ch\/de\/general-terms-and-conditions\/","title":{"rendered":"Allgemeine Gesch\u00e4ftsbedingungen (AGB)"},"content":{"rendered":"<p><strong>STAYY Wohnen wie zu Hause<\/strong><\/p>\n<p>STAYY Operations GmbH<\/p>\n<p><strong>Allgemeine Gesch\u00e4ftsbedingungen (AGBs)<\/strong><\/p>\n<p><em>Ab dem: Mai 2026<\/em><\/p>\n<h2>1. Gegenstand<\/h2>\n<p>Diese Allgemeinen Gesch\u00e4ftsbedingungen (im Folgenden \u201cAGB\u201d) regeln das Rechtsverh\u00e4ltnis zwischen der STAYY Operations GmbH und ihren G\u00e4sten (im Folgenden \u201cGast\u201d oder \u201cG\u00e4ste\u201d). Die AGB gelten f\u00fcr alle Angebote und Dienstleistungen der STAYY Operations GmbH, insbesondere f\u00fcr die vor\u00fcbergehende Bereitstellung von m\u00f6blierten Wohnungen.<\/p>\n<h2>2. Vertragsabschluss und Akzeptanz der AGBs<\/h2>\n<p>Mit dem Absenden einer elektronischen Buchungsanfrage oder sp\u00e4testens mit Erhalt der schriftlichen Buchungsbest\u00e4tigung erkl\u00e4rt sich der Gast mit den AGB der STAYY Operations GmbH vollumf\u00e4nglich und uneingeschr\u00e4nkt einverstanden. Die AGB sind jederzeit unter www.stayy.ch abrufbar. Dar\u00fcber hinaus enthalten alle von der STAYY Operations GmbH versandten Dokumente - insbesondere Buchungsbest\u00e4tigungen - einen direkten Link zur aktuellen Version der AGB.<\/p>\n<h2>3. Buchungsdauer und Anzahl der G\u00e4ste<\/h2>\n<p>Es d\u00fcrfen nicht mehr Personen in der gebuchten Wohnung untergebracht werden, als in der Buchungsbest\u00e4tigung von STAYY Operations GmbH angegeben sind. STAYY Operations GmbH kann jederzeit zus\u00e4tzliche Kosten f\u00fcr zus\u00e4tzliche G\u00e4ste gem\u00e4\u00df den geltenden Tarifen in Rechnung stellen und\/oder die sofortige Entfernung dieser Personen verlangen.<\/p>\n<h2>4. \u00c4nderungen der Buchung<\/h2>\n<p>Eine Buchungs\u00e4nderung - insbesondere hinsichtlich des An- oder Abreisedatums, der Aufenthaltsdauer, des Apartmenttyps oder zus\u00e4tzlicher Leistungen - ist nur mit Zustimmung der STAYY Operations GmbH und erst nach Ausstellung einer neuen Buchungsbest\u00e4tigung durch die STAYY Operations GmbH g\u00fcltig.<\/p>\n<h2>5. Im Preis inbegriffene Leistungen<\/h2>\n<p>Im Mietpreis sind die folgenden Leistungen enthalten:<\/p>\n<ul>\n<li>Vollst\u00e4ndig m\u00f6blierte Wohnung mit Bettw\u00e4sche, Handt\u00fcchern und K\u00fcchenausstattung<\/li>\n<li>Kostenloses Wi-Fi (Internet)<\/li>\n<li>Alle Nebenkosten (einschlie\u00dflich Strom, Heizung, Warm- und Kaltwasser; SERAFE ausgeschlossen)<\/li>\n<li>Endreinigung (sofern nicht anders angegeben oder vereinbart)<\/li>\n<li>Mehrwertsteuer (sofern nicht anders angegeben oder vereinbart)<\/li>\n<\/ul>\n<p>Weitere individuelle Dienstleistungen sind gegen einen Aufpreis und auf Anfrage m\u00f6glich.<\/p>\n<h2>6. Vertragsbeginn, -dauer und -k\u00fcndigung<\/h2>\n<h2>6.1 Vertragsbeginn<\/h2>\n<p>Eine Buchung ist mit der Ausstellung der Buchungsbest\u00e4tigung durch die STAYY Operations GmbH verbindlich best\u00e4tigt. Bei Buchungen von 31 N\u00e4chten oder mehr muss der Gast das ihm zugesandte Reservierungsformular ausf\u00fcllen, unterschreiben und zur\u00fccksenden.<\/p>\n<h2>6.2 Dauer<\/h2>\n<p>Die Wohnung ist f\u00fcr den gebuchten Zeitraum verf\u00fcgbar. Ma\u00dfgeblich ist der unter \u201cBuchungsdauer\u201d in der Buchungsbest\u00e4tigung angegebene Zeitraum. Der Gast hat keinen Anspruch darauf, die Wohnung \u00fcber diesen Zeitraum hinaus zu nutzen.<\/p>\n<h2>6.3 Erweiterung<\/h2>\n<p>Der Gast kann eine bestehende Buchung nicht selbstst\u00e4ndig verl\u00e4ngern. Der Gast kann jedoch eine neue Buchungsanfrage stellen - vorbehaltlich der Verf\u00fcgbarkeit des Apartments und der schriftlichen Best\u00e4tigung durch die STAYY Operations GmbH.<\/p>\n<h2>6.4 Stornierung<\/h2>\n<p><strong>Buchungen von 1 bis 30 N\u00e4chten<\/strong><\/p>\n<p>Kostenlose Stornierungen sind unter Einhaltung einer f\u00fcnft\u00e4gigen (5 Tage) Stornofrist m\u00f6glich. Stornierungen werden von der STAYY Operations GmbH t\u00e4glich bis 12:00 Uhr angenommen. Eine Stornierung ist nur nach schriftlicher Best\u00e4tigung durch die STAYY Operations GmbH g\u00fcltig.<\/p>\n<p><strong>Buchungen von 31 N\u00e4chten oder mehr<\/strong><\/p>\n<p>Kostenlose Stornierungen sind unter Einhaltung einer drei\u00dfigt\u00e4gigen (30 Tage) Stornierungsfrist m\u00f6glich. Stornierungen werden von der STAYY Operations GmbH t\u00e4glich bis 12:00 Uhr angenommen. Eine Stornierung ist nur nach schriftlicher Best\u00e4tigung durch die STAYY Operations GmbH g\u00fcltig. Abgesehen davon sind keine kostenlosen Stornierungen m\u00f6glich.<\/p>\n<p><strong>Hinweis: <\/strong>F\u00fcr Buchungen, die \u00fcber Plattformen von Drittanbietern (z. B. Airbnb, Booking.com) get\u00e4tigt werden, gelten die Stornierungsbedingungen der jeweiligen Plattform.<\/p>\n<h2>7. Einchecken und Auschecken<\/h2>\n<h2>7.1 Check-in und Check-out Zeiten<\/h2>\n<p>Die Wohnung ist ab 15:00 Uhr verf\u00fcgbar (Check-in). Sie muss bis sp\u00e4testens 10:00 Uhr ger\u00e4umt werden (Check-out). Wenn nicht anders mit STAYY vereinbart, wird bei Nichteinhaltung der Check-out-Zeit ein zus\u00e4tzlicher Tagessatz berechnet.<\/p>\n<h2>7.2 Selbst einchecken<\/h2>\n<p>Der Zugang zur Wohnung erfolgt in der Regel \u00fcber ein digitales Schlie\u00dfsystem (Smart Lock). Der Gast erh\u00e4lt die Zugangsdaten rechtzeitig vor dem Check-in per E-Mail oder \u00fcber das Online-Check-in-Portal. Der Gast ist verpflichtet, seine Kontaktdaten auf dem neuesten Stand zu halten und die Zugangsdaten vertraulich zu behandeln.<\/p>\n<h2>7.3 R\u00fcckgabe und Endreinigung<\/h2>\n<p>Der Gast muss die Wohnung in einem aufger\u00e4umten Zustand verlassen. Sollte der Zustand der Wohnung eine \u00fcberdurchschnittliche Reinigungszeit erfordern, wird die zus\u00e4tzlich ben\u00f6tigte Zeit dem Gast in Rechnung gestellt und die hinterlegte Kreditkarte belastet.<\/p>\n<h2>8. Rechnungen und Zahlung<\/h2>\n<h2>8.1 Zahlungsverpflichtung und Verzug<\/h2>\n<p>Der Gast ist verpflichtet, die in der Buchungsbest\u00e4tigung oder in den Rechnungen aufgef\u00fchrten Preise f\u00fcr Unterkunft und Zusatzleistungen bis zum F\u00e4lligkeitstermin zu zahlen. Werden geschuldete Betr\u00e4ge nicht rechtzeitig gezahlt, ist die STAYY Operations GmbH berechtigt, vom Vertrag zur\u00fcckzutreten, die Buchung zu stornieren und dem Gast den Zugang zur Wohnung zu verweigern. In diesem Fall erl\u00f6schen alle Anspr\u00fcche des Gastes.<\/p>\n<p>Wenn der Gast einen ausstehenden Rechnungsbetrag w\u00e4hrend eines Aufenthalts nicht bezahlt, ger\u00e4t er ab dem F\u00e4lligkeitsdatum in Verzug. STAYY Operations GmbH wird den Gast auffordern, den ausstehenden Betrag innerhalb von 5 Tagen zu \u00fcberweisen. Wird diese Frist nicht eingehalten, ist STAYY Operations GmbH berechtigt, die Buchung mit sofortiger Wirkung zu stornieren und zu verlangen, dass der Gast das Apartment innerhalb eines Tages r\u00e4umt.<\/p>\n<h2>8.2 Sicherheit der Kreditkarte<\/h2>\n<p>Die STAYY Operations GmbH verlangt vom Gast die Angabe von g\u00fcltigen Kreditkartendaten als Sicherheit. Die STAYY Operations GmbH ist berechtigt, Unterkunftskosten, Kosten f\u00fcr zus\u00e4tzliche Dienstleistungen, Sch\u00e4den am Inventar oder an der Einrichtung sowie sonstige Kosten (z.B. f\u00fcr verlorene Schl\u00fcssel oder Zugangscodes) von der Kreditkarte des Gastes abzubuchen. Mit der Angabe der Kreditkartendaten stimmt der Gast zu, dass seine Kreditkarte mit den entsprechenden Kosten belastet werden kann.<\/p>\n<h2>8.3 Zahlungsfristen<\/h2>\n<p><strong>Buchungen von 1 bis 30 N\u00e4chten<\/strong><\/p>\n<p>Die gesamten \u00dcbernachtungskosten sind 5 Tage nach Erhalt der Buchungsbest\u00e4tigung f\u00e4llig, bei kurzfristigen Buchungen sp\u00e4testens beim Check-in.<\/p>\n<p><strong>Buchungen von 31 N\u00e4chten oder mehr<\/strong><\/p>\n<p>Die Unterkunftskosten f\u00fcr den ersten Monat sind 5 Tage vor dem Check-in f\u00e4llig. Die Kosten f\u00fcr die folgenden Monate sind jeweils 5 Tage vor Beginn des jeweiligen Folgemonats f\u00e4llig. Gebuchte Zusatzleistungen werden separat nach tats\u00e4chlicher Inanspruchnahme in Rechnung gestellt.<\/p>\n<h2>8.4 Zahlungsbedingungen<\/h2>\n<p>Die Zahlungen erfolgen in Schweizer Franken (CHF) ohne Bank- oder Kreditkartengeb\u00fchren.<\/p>\n<h2>8.5 Zahlungsarten<\/h2>\n<p>Bei Direktbuchungen k\u00f6nnen alle geschuldeten Betr\u00e4ge per Bank\u00fcberweisung (CHF) oder per Kredit- oder Debitkarte bezahlt werden.<\/p>\n<h2>8.6 Mahngeb\u00fchren und Verzugszinsen<\/h2>\n<p>Bei Zahlungsverzug des Gastes ist die STAYY Operations GmbH berechtigt, Mahngeb\u00fchren und Verzugszinsen in H\u00f6he von 5% auf alle ausstehenden Betr\u00e4ge zu berechnen.<\/p>\n<h2>8.7 Zus\u00e4tzliche Dienstleistungen und Mehrwertsteuer<\/h2>\n<p>Gebuchte Zusatzleistungen werden gesondert in Rechnung gestellt, bei Aufenthalten von 31 N\u00e4chten oder mehr mindestens monatlich. Auf alle Leistungen ist die gesetzlich vorgeschriebene Mehrwertsteuer zu zahlen.<\/p>\n<h2>9. Registrierung bei den lokalen Beh\u00f6rden<\/h2>\n<p>Bei Buchungen von 12 Wochen oder mehr ist der Gast verpflichtet, sich innerhalb von 14 Tagen nach dem Einzug bei den zust\u00e4ndigen \u00f6rtlichen Beh\u00f6rden (Einwohnermeldeamt) anzumelden und beim Auszug wieder abzumelden. STAYY ist nicht f\u00fcr die Einhaltung dieser Verpflichtung verantwortlich.<\/p>\n<h2>10. Gasthaftung<\/h2>\n<p>Bei Verlust von Schl\u00fcsseln oder Zugangscodes oder bei Besch\u00e4digung, Verlust oder Zerst\u00f6rung von Inventar, Einrichtungsgegenst\u00e4nden, der Wohnung oder des Geb\u00e4udes, die durch den Gast oder Dritte verursacht werden, haftet der Gast in vollem Umfang f\u00fcr alle daraus entstehenden Sch\u00e4den. Der Gast haftet auch f\u00fcr Sch\u00e4den, die durch Fahrl\u00e4ssigkeit, Rauchen oder Missbrauch verursacht werden. Diebstahl, mutwillige Sachbesch\u00e4digung und andere Verst\u00f6\u00dfe im Zusammenhang mit der Unterkunft werden unverz\u00fcglich den Beh\u00f6rden gemeldet; in solchen F\u00e4llen ist die STAYY Operations GmbH berechtigt, die Buchung mit sofortiger Wirkung zu stornieren.<\/p>\n<h2>11. Nutzung und Verhalten<\/h2>\n<h2>11.1 Allgemeines<\/h2>\n<p>Der Gast verpflichtet sich, die Wohnung, die Gemeinschaftsbereiche sowie das gesamte Inventar, die Einrichtung und die Ger\u00e4te mit gr\u00f6\u00dfter Sorgfalt zu behandeln. Die Anweisungen f\u00fcr Ger\u00e4te (z. B. Waschmaschine) m\u00fcssen befolgt werden. Die Wohnung ist ausschlie\u00dflich f\u00fcr den vorgesehenen Zweck (als private Wohnunterkunft) zu nutzen.<\/p>\n<h2>11.2 Haustiere<\/h2>\n<p>Haustiere sind in der Regel nicht erlaubt. Assistenzhunde sind erlaubt, m\u00fcssen aber vor der Buchung schriftlich angemeldet werden. Ausnahmen f\u00fcr bestimmte Wohnungen (z.B. haustierfreundliche Wohnungen) sind in der jeweiligen Angebotsbeschreibung angegeben. In diesen F\u00e4llen k\u00f6nnen Haustiere nach schriftlicher Absprache mit STAYY mitgebracht werden.<\/p>\n<h2>11.3 Strukturelle \u00c4nderungen<\/h2>\n<p>Es d\u00fcrfen keine baulichen Ver\u00e4nderungen in der Wohnung oder in den Gemeinschaftsbereichen vorgenommen werden.<\/p>\n<h2>11.4 Untervermietung und gewerbliche Nutzung<\/h2>\n<p>Dem Gast ist es ausdr\u00fccklich untersagt, die Wohnung an Dritte unterzuvermieten oder Dritten zur Verf\u00fcgung zu stellen. Die Apartments der STAYY Operations GmbH sind ausschlie\u00dflich als private Wohnunterk\u00fcnfte gedacht. Jede gewerbliche Nutzung - gleich welcher Art und welchen Umfangs - ist ohne vorherige schriftliche Zustimmung der STAYY Operations GmbH untersagt. Die gewerbliche Nutzung umfasst insbesondere: den Betrieb eines Unternehmens, den Empfang von Kunden oder Gesch\u00e4ftspartnern, die Nutzung der R\u00e4umlichkeiten als Fotostudio, Lagerraum oder zu Produktionszwecken sowie jede Form der Erbringung von Dienstleistungen f\u00fcr Dritte.<\/p>\n<p><strong>Explizites Verbot von erotischen und sexuellen Dienstleistungen<\/strong><\/p>\n<p>Die Erbringung oder der Empfang von erotischen oder sexuellen Dienstleistungen jeglicher Art in der Wohnung oder auf dem Gel\u00e4nde ist absolut und ausnahmslos verboten. Erh\u00e4lt STAYY Operations GmbH Kenntnis von einem entsprechenden Verdacht oder einer entsprechenden Aktivit\u00e4t - sei es durch eigene Beobachtung, Informationen Dritter, auff\u00e4lligen G\u00e4steverkehr oder sonstige Hinweise - ist STAYY Operations GmbH berechtigt und verpflichtet, die Buchung mit sofortiger Wirkung und ohne Erstattung bereits geleisteter Zahlungen zu stornieren. Die Stornierung gilt gleichzeitig f\u00fcr alle Plattformen (Airbnb, Booking.com, die unternehmenseigene Website und alle anderen Vertriebskan\u00e4le). Der Gast muss die Wohnung sofort r\u00e4umen; im Falle einer Weigerung wird die Polizei gerufen. Etwaige Sch\u00e4den und alle daraus resultierenden Kosten (einschlie\u00dflich Reinigung, entgangene Einnahmen und Rufsch\u00e4digung) werden dem Gast in voller H\u00f6he in Rechnung gestellt. Strafrechtliche Konsequenzen sind ausdr\u00fccklich vorbehalten.<\/p>\n<p>Im Falle eines Versto\u00dfes gegen die in dieser Klausel genannten Verpflichtungen hat die STAYY Operations GmbH das Recht, die Buchung sofort zu stornieren und, falls der Gast sich weigert, die Unterkunft unverz\u00fcglich zu r\u00e4umen, diese durch die zust\u00e4ndigen Beh\u00f6rden entfernen zu lassen.<\/p>\n<h2>12. Internetnutzung<\/h2>\n<p>Die STAYY Operations GmbH \u00fcbernimmt keine Haftung f\u00fcr Sch\u00e4den, die durch die Internetnutzung entstehen (Spam, Viren, Ausf\u00e4lle oder Unterbrechungen der Internetverbindung usw.). Der Gast hat keinen Anspruch auf eine R\u00fcckerstattung im Falle von Internetunterbrechungen. St\u00f6rungen m\u00fcssen der STAYY Operations GmbH w\u00e4hrend der Gesch\u00e4ftszeiten gemeldet werden. Der Gast ist daf\u00fcr verantwortlich, seine eigenen Ger\u00e4te vor Schadsoftware zu sch\u00fctzen. STAYY Operations GmbH beh\u00e4lt sich das Recht vor, einen Gast jederzeit vom Netzwerk auszuschlie\u00dfen.<\/p>\n<h2>13. Hausordnung<\/h2>\n<h2>13.1 Gemeinsame Bereiche<\/h2>\n<p>Bei der Nutzung von Gemeinschaftsr\u00e4umen, Treppenh\u00e4usern und allen Fluren muss der Gast auf die anderen Bewohner R\u00fccksicht nehmen und diese Bereiche sauber halten. Das Abstellen von pers\u00f6nlichen Gegenst\u00e4nden in diesen Bereichen ist verboten, da sie im Notfall die Fluchtwege versperren k\u00f6nnen.<\/p>\n<h2>13.2 Abfallentsorgung<\/h2>\n<p>Abf\u00e4lle m\u00fcssen in einem versiegelten M\u00fcllbeutel in den von STAYY oder dem Geb\u00e4ude bereitgestellten Containern entsorgt werden. Die kommunalen Abfallentsorgungsvorschriften m\u00fcssen beachtet werden.<\/p>\n<h2>13.3 Ruhige Stunden<\/h2>\n<p>Die Ruhezeiten gelten in allen Bereichen zwischen 22:00 Uhr und 7:00 Uhr morgens. W\u00e4hrend dieser Zeit muss der L\u00e4rm auf ein Minimum reduziert werden.<\/p>\n<h2>13.4 Rauchen verboten<\/h2>\n<p>Das Rauchen - einschlie\u00dflich E-Zigaretten und Vaping - ist in der Wohnung und in allen anderen Bereichen des Geb\u00e4udes verboten. Im Falle eines Versto\u00dfes wird eine Reinigungspauschale erhoben.<\/p>\n<h2>13.5 Feuer-\/Notausg\u00e4nge<\/h2>\n<p>Im Falle eines Brandes m\u00fcssen die ausgewiesenen Notausg\u00e4nge im Treppenhaus benutzt werden. Rauchmelder und Sicherheitseinrichtungen d\u00fcrfen nicht manipuliert oder deaktiviert werden.<\/p>\n<h2>13.6 Grillen<\/h2>\n<p>Das Grillen auf Balkonen und Terrassen ist verboten.<\/p>\n<h2>13.7 Parken<\/h2>\n<p>Parkpl\u00e4tze sind in begrenzter Anzahl und gegen eine zus\u00e4tzliche Geb\u00fchr verf\u00fcgbar. Einzelheiten findest du in der jeweiligen Buchungsbest\u00e4tigung oder Angebotsbeschreibung.<\/p>\n<h2>14. Recht auf Zugang<\/h2>\n<p>Alle Mitarbeiter der STAYY Operations GmbH sind berechtigt, die Wohnung zu Reinigungs-, Wartungs- und Kontrollzwecken zu betreten. Die STAYY Operations GmbH wird den Gast nach M\u00f6glichkeit im Voraus informieren. In dringenden F\u00e4llen (z.B. Wasserrohrbruch, Notfall) kann das Apartment jederzeit ohne Vorank\u00fcndigung betreten werden. Der Gast darf dem Personal der STAYY Operations GmbH den Zutritt nicht verweigern.<\/p>\n<h2>15. Notf\u00e4lle<\/h2>\n<p>Im Falle eines medizinischen Notfalls oder einer Bedrohung wende dich bitte direkt an die Polizei (117), den \u00f6rtlichen Notarzt, den Rettungsdienst (144) oder die internationale Notrufnummer (112).<\/p>\n<p>F\u00fcr Notf\u00e4lle bei der Geb\u00e4udeinstandhaltung ist die STAYY Operations GmbH unter +41 44 545 08 50 zu erreichen. Reparaturen werden in der Regel von Montag bis Freitag von 8:00 bis 17:00 Uhr durchgef\u00fchrt, je nach Dringlichkeit. Die G\u00e4ste sind f\u00fcr die Organisation von Sondereins\u00e4tzen verantwortlich, die sie selbst verursacht haben (z.B. verlorene Zugangscodes). Wenn die STAYY Operations GmbH in einem solchen Fall eine Dienstleistung erbringt, wird dem Gast eine Bearbeitungsgeb\u00fchr in Rechnung gestellt.<\/p>\n<h2>16. Haftungsausschluss und Versicherung<\/h2>\n<h2>16.1 Haftungsausschluss<\/h2>\n<p>STAYY \u00fcbernimmt keine Haftung f\u00fcr die folgenden Sch\u00e4den:<\/p>\n<ul>\n<li>Sch\u00e4den, die der Gast selbst verursacht hat<\/li>\n<li>Personensch\u00e4den, die durch die Nutzung der Wohnung oder des Inventars entstehen<\/li>\n<li>Sch\u00e4den aufgrund von Unterbrechungen durch h\u00f6here Gewalt, Streiks usw.<\/li>\n<li>Sch\u00e4den aufgrund von Unterbrechungen oder Ausf\u00e4llen der Internetverbindung<\/li>\n<li>Besch\u00e4digung und\/oder Verlust von pers\u00f6nlichen Gegenst\u00e4nden des Gastes (Gep\u00e4ck, Kleidung, Wertsachen, Fahrzeuge usw.)<\/li>\n<\/ul>\n<h2>16.2 Versicherung<\/h2>\n<p>Der Gast und sein pers\u00f6nliches Eigentum sind nicht durch STAYY versichert. Eine private Haftpflichtversicherung liegt in der Verantwortung des Gastes und wird dringend empfohlen.<\/p>\n<h2>17. Datenschutz<\/h2>\n<p>Die STAYY Operations GmbH ist berechtigt, personenbezogene Daten zu erheben, zu verarbeiten und zu nutzen, soweit dies f\u00fcr einen reibungslosen Betrieb erforderlich oder gesetzlich vorgeschrieben ist. Daten werden nur in dem erforderlichen Umfang gespeichert und an Dritte weitergegeben. Weitere Informationen zum Datenschutz findest du in den Datenschutzbestimmungen unter www.stayy.ch. Der Gast erkl\u00e4rt sich mit der Verarbeitung von Daten gem\u00e4\u00df dieser Datenschutzerkl\u00e4rung einverstanden.<\/p>\n<h2>18. Salvatorische Klausel<\/h2>\n<p>Sollten einzelne Bestimmungen dieser AGB unwirksam sein, bleiben die \u00fcbrigen Bestimmungen davon unber\u00fchrt. Die Parteien werden sich dann bem\u00fchen, eine zul\u00e4ssige Bestimmung zu vereinbaren, die der beabsichtigten Regelung m\u00f6glichst nahe kommt.<\/p>\n<h2>19. \u00c4nderungen und Erg\u00e4nzungen der AGBs<\/h2>\n<p>\u00c4nderungen oder Erg\u00e4nzungen der AGB k\u00f6nnen jederzeit von der STAYY Operations GmbH ohne vorherige Ank\u00fcndigung vorgenommen werden. Die aktuelle Version ist unter www.stayy.ch verf\u00fcgbar und gilt f\u00fcr alle Buchungen, die ab dem Datum der \u00c4nderung vorgenommen werden.<\/p>\n<h2>20. Kommunikation und Schriftform<\/h2>\n<p>Die gesamte Kommunikation von STAYY Operations GmbH (einschlie\u00dflich Buchungsbest\u00e4tigungen, Rechnungen, Stornierungsbest\u00e4tigungen usw.) erfolgt in der Regel per E-Mail. E-Mails gen\u00fcgen dem Schriftformerfordernis. Jede \u00c4nderung oder Erg\u00e4nzung einer Buchungsbest\u00e4tigung muss schriftlich erfolgen.<\/p>\n<h2>21. Geltendes Recht und Gerichtsstand<\/h2>\n<p>Dieser Vertrag unterliegt ausschlie\u00dflich dem Schweizer Recht. Gerichtsstand f\u00fcr etwaige Streitigkeiten ist Dietikon, Kanton Z\u00fcrich.<\/p>\n<p><strong>STAYY Operations GmbH<\/strong><\/p>\n<p>www.stayy.ch | Weiningen ZH | Mai 2026<\/p>","protected":false},"excerpt":{"rendered":"<p>STAYY Living Like Home STAYY Operations GmbH General Terms and Conditions (T&amp;Cs) As of: May 2026 1. Subject Matter These General Terms and Conditions (hereinafter &#8220;T&amp;Cs&#8221;) govern the legal relationship between STAYY Operations GmbH and its guests (hereinafter &#8220;Guest&#8221; or &#8220;Guests&#8221;). The T&amp;Cs apply to all offers and services provided by STAYY Operations GmbH, in [&hellip;]<\/p>\n","protected":false},"author":23,"featured_media":0,"parent":0,"menu_order":0,"comment_status":"closed","ping_status":"closed","template":"","meta":{"_acf_changed":false,"footnotes":""},"class_list":["post-201705","page","type-page","status-publish","hentry"],"acf":[],"_links":{"self":[{"href":"https:\/\/stayy.ch\/de\/wp-json\/wp\/v2\/pages\/201705","targetHints":{"allow":["GET"]}}],"collection":[{"href":"https:\/\/stayy.ch\/de\/wp-json\/wp\/v2\/pages"}],"about":[{"href":"https:\/\/stayy.ch\/de\/wp-json\/wp\/v2\/types\/page"}],"author":[{"embeddable":true,"href":"https:\/\/stayy.ch\/de\/wp-json\/wp\/v2\/users\/23"}],"replies":[{"embeddable":true,"href":"https:\/\/stayy.ch\/de\/wp-json\/wp\/v2\/comments?post=201705"}],"version-history":[{"count":3,"href":"https:\/\/stayy.ch\/de\/wp-json\/wp\/v2\/pages\/201705\/revisions"}],"predecessor-version":[{"id":201708,"href":"https:\/\/stayy.ch\/de\/wp-json\/wp\/v2\/pages\/201705\/revisions\/201708"}],"wp:attachment":[{"href":"https:\/\/stayy.ch\/de\/wp-json\/wp\/v2\/media?parent=201705"}],"curies":[{"name":"wp","href":"https:\/\/api.w.org\/{rel}","templated":true}]}}