
{"id":193900,"date":"2023-05-26T09:36:56","date_gmt":"2023-05-26T09:36:56","guid":{"rendered":"https:\/\/stayy.ch\/?page_id=193900"},"modified":"2025-03-03T06:23:47","modified_gmt":"2025-03-03T06:23:47","slug":"blog","status":"publish","type":"page","link":"https:\/\/stayy.ch\/it\/blog\/","title":{"rendered":"Blog"},"content":{"rendered":"<div data-elementor-type=\"wp-page\" data-elementor-id=\"193900\" class=\"elementor elementor-193900\" data-elementor-post-type=\"page\">\n\t\t\t\t\t\t<section class=\"elementor-section elementor-top-section elementor-element elementor-element-29e0267 elementor-section-height-min-height elementor-section-boxed elementor-section-height-default elementor-section-items-middle\" data-id=\"29e0267\" data-element_type=\"section\" data-settings=\"{&quot;background_background&quot;:&quot;classic&quot;,&quot;jet_parallax_layout_list&quot;:[]}\">\n\t\t\t\t\t\t\t<div class=\"elementor-background-overlay\"><\/div>\n\t\t\t\t\t\t\t<div class=\"elementor-container elementor-column-gap-default\">\n\t\t\t\t\t<div class=\"elementor-column elementor-col-100 elementor-top-column elementor-element elementor-element-80b78f3\" data-id=\"80b78f3\" data-element_type=\"column\">\n\t\t\t<div class=\"elementor-widget-wrap elementor-element-populated\">\n\t\t\t\t\t\t<div class=\"elementor-element elementor-element-db5f2ce elementor-widget elementor-widget-heading\" data-id=\"db5f2ce\" data-element_type=\"widget\" data-widget_type=\"heading.default\">\n\t\t\t\t<div class=\"elementor-widget-container\">\n\t\t\t\t\t<h1 class=\"elementor-heading-title elementor-size-default\">Blog<\/h1>\t\t\t\t<\/div>\n\t\t\t\t<\/div>\n\t\t\t\t\t<\/div>\n\t\t<\/div>\n\t\t\t\t\t<\/div>\n\t\t<\/section>\n\t\t\t\t<section class=\"elementor-section elementor-top-section elementor-element elementor-element-448d832 elementor-section-boxed elementor-section-height-default elementor-section-height-default\" data-id=\"448d832\" data-element_type=\"section\" data-settings=\"{&quot;jet_parallax_layout_list&quot;:[]}\">\n\t\t\t\t\t\t<div class=\"elementor-container elementor-column-gap-default\">\n\t\t\t\t\t<div class=\"elementor-column elementor-col-100 elementor-top-column elementor-element elementor-element-ef47a5e\" data-id=\"ef47a5e\" data-element_type=\"column\">\n\t\t\t<div class=\"elementor-widget-wrap elementor-element-populated\">\n\t\t\t\t\t\t<div class=\"elementor-element elementor-element-af55f13 elementor-grid-3 elementor-grid-tablet-2 elementor-grid-mobile-1 elementor-posts--thumbnail-top elementor-card-shadow-yes elementor-posts__hover-gradient elementor-widget elementor-widget-posts\" data-id=\"af55f13\" data-element_type=\"widget\" data-settings=\"{&quot;cards_columns&quot;:&quot;3&quot;,&quot;cards_columns_tablet&quot;:&quot;2&quot;,&quot;cards_columns_mobile&quot;:&quot;1&quot;,&quot;cards_row_gap&quot;:{&quot;unit&quot;:&quot;px&quot;,&quot;size&quot;:35,&quot;sizes&quot;:[]},&quot;cards_row_gap_tablet&quot;:{&quot;unit&quot;:&quot;px&quot;,&quot;size&quot;:&quot;&quot;,&quot;sizes&quot;:[]},&quot;cards_row_gap_mobile&quot;:{&quot;unit&quot;:&quot;px&quot;,&quot;size&quot;:&quot;&quot;,&quot;sizes&quot;:[]}}\" data-widget_type=\"posts.cards\">\n\t\t\t\t<div class=\"elementor-widget-container\">\n\t\t\t\t\t\t\t<div class=\"elementor-posts-container elementor-posts elementor-posts--skin-cards elementor-grid\" role=\"list\">\n\t\t\t\t<article class=\"elementor-post elementor-grid-item post-198802 post type-post status-publish format-standard has-post-thumbnail hentry category-uncategorized\" role=\"listitem\">\n\t\t\t<div class=\"elementor-post__card\">\n\t\t\t\t<a class=\"elementor-post__thumbnail__link\" href=\"https:\/\/stayy.ch\/it\/why-pocket-wifi-and-esim-are-the-smartest-travel-companions-for-your-next-holiday\/\" tabindex=\"-1\"><div class=\"elementor-post__thumbnail\"><img fetchpriority=\"high\" decoding=\"async\" width=\"300\" height=\"169\" src=\"https:\/\/stayy.ch\/wp-content\/uploads\/2025\/08\/Web-Both-1600_900-1024x576.jpg-300x169.webp\" class=\"attachment-medium size-medium wp-image-198805\" alt=\"Web Both 1600 900 1024x576.jpg\" srcset=\"https:\/\/stayy.ch\/wp-content\/uploads\/2025\/08\/Web-Both-1600_900-1024x576.jpg-300x169.webp 300w, https:\/\/stayy.ch\/wp-content\/uploads\/2025\/08\/Web-Both-1600_900-1024x576.jpg-768x432.webp 768w, https:\/\/stayy.ch\/wp-content\/uploads\/2025\/08\/Web-Both-1600_900-1024x576.jpg-18x10.webp 18w, https:\/\/stayy.ch\/wp-content\/uploads\/2025\/08\/Web-Both-1600_900-1024x576.jpg-889x500.webp 889w, https:\/\/stayy.ch\/wp-content\/uploads\/2025\/08\/Web-Both-1600_900-1024x576.jpg.webp 1024w\" sizes=\"(max-width: 300px) 100vw, 300px\" \/><\/div><\/a>\n\t\t\t\t<div class=\"elementor-post__badge\">Non categorizzato<\/div>\n\t\t\t\t<div class=\"elementor-post__text\">\n\t\t\t\t<h3 class=\"elementor-post__title\">\n\t\t\t<a href=\"https:\/\/stayy.ch\/it\/why-pocket-wifi-and-esim-are-the-smartest-travel-companions-for-your-next-holiday\/\">\n\t\t\t\tPerch\u00e9 Pocket WiFi ed eSIM sono i compagni di viaggio pi\u00f9 intelligenti per la tua prossima vacanza\t\t\t<\/a>\n\t\t<\/h3>\n\t\t\t\t<div class=\"elementor-post__excerpt\">\n\t\t\t<p>Viaggiare \u00e8 cambiato. Anni fa, potevi andare in vacanza, chiudere il telefono nella cassaforte dell&#039;hotel e goderti la vita offline. Ma oggi sembra...<\/p>\n\t\t<\/div>\n\t\t\n\t\t<a class=\"elementor-post__read-more\" href=\"https:\/\/stayy.ch\/it\/why-pocket-wifi-and-esim-are-the-smartest-travel-companions-for-your-next-holiday\/\" aria-label=\"Leggi tutto Perch\u00e9 Pocket WiFi ed eSIM sono i compagni di viaggio pi\u00f9 intelligenti per la tua prossima vacanza\" tabindex=\"-1\">\n\t\t\tPer saperne di pi\u00f9 &quot;\t\t<\/a>\n\n\t\t\t\t<\/div>\n\t\t\t\t\t<\/div>\n\t\t<\/article>\n\t\t\t\t<article class=\"elementor-post elementor-grid-item post-198661 post type-post status-publish format-standard has-post-thumbnail hentry category-adventure\" role=\"listitem\">\n\t\t\t<div class=\"elementor-post__card\">\n\t\t\t\t<a class=\"elementor-post__thumbnail__link\" href=\"https:\/\/stayy.ch\/it\/a-weekend-in-kussnacht-am-rigi-hidden-gems-beyond-the-tourist-trails\/\" tabindex=\"-1\"><div class=\"elementor-post__thumbnail\"><img decoding=\"async\" width=\"300\" height=\"225\" src=\"https:\/\/stayy.ch\/wp-content\/uploads\/2025\/08\/STAYY-Experiences-1024x768.jpg-300x225.webp\" class=\"attachment-medium size-medium wp-image-198665\" alt=\"STAYY Experiences 1024x768.jpg\" srcset=\"https:\/\/stayy.ch\/wp-content\/uploads\/2025\/08\/STAYY-Experiences-1024x768.jpg-300x225.webp 300w, https:\/\/stayy.ch\/wp-content\/uploads\/2025\/08\/STAYY-Experiences-1024x768.jpg-768x576.webp 768w, https:\/\/stayy.ch\/wp-content\/uploads\/2025\/08\/STAYY-Experiences-1024x768.jpg-16x12.webp 16w, https:\/\/stayy.ch\/wp-content\/uploads\/2025\/08\/STAYY-Experiences-1024x768.jpg-667x500.webp 667w, https:\/\/stayy.ch\/wp-content\/uploads\/2025\/08\/STAYY-Experiences-1024x768.jpg.webp 1024w\" sizes=\"(max-width: 300px) 100vw, 300px\" \/><\/div><\/a>\n\t\t\t\t<div class=\"elementor-post__badge\">Avventura<\/div>\n\t\t\t\t<div class=\"elementor-post__text\">\n\t\t\t\t<h3 class=\"elementor-post__title\">\n\t\t\t<a href=\"https:\/\/stayy.ch\/it\/a-weekend-in-kussnacht-am-rigi-hidden-gems-beyond-the-tourist-trails\/\">\n\t\t\t\tUn weekend a K\u00fcssnacht am Rigi: tesori nascosti oltre i sentieri turistici\t\t\t<\/a>\n\t\t<\/h3>\n\t\t\t\t<div class=\"elementor-post__excerpt\">\n\t\t\t<p>La regione intorno al Lago dei Quattro Cantoni \u00e8 nota per i suoi panorami da cartolina, ma se cercate davvero relax, K\u00fcssnacht am Rigi \u00e8 un&#039;affascinante gemma nascosta.<\/p>\n\t\t<\/div>\n\t\t\n\t\t<a class=\"elementor-post__read-more\" href=\"https:\/\/stayy.ch\/it\/a-weekend-in-kussnacht-am-rigi-hidden-gems-beyond-the-tourist-trails\/\" aria-label=\"Leggi tutto Un weekend a K\u00fcssnacht am Rigi: tesori nascosti oltre i sentieri turistici\" tabindex=\"-1\">\n\t\t\tPer saperne di pi\u00f9 &quot;\t\t<\/a>\n\n\t\t\t\t<\/div>\n\t\t\t\t\t<\/div>\n\t\t<\/article>\n\t\t\t\t<article class=\"elementor-post elementor-grid-item post-197053 post type-post status-publish format-standard has-post-thumbnail hentry category-adventure\" role=\"listitem\">\n\t\t\t<div class=\"elementor-post__card\">\n\t\t\t\t<a class=\"elementor-post__thumbnail__link\" href=\"https:\/\/stayy.ch\/it\/why-zurich-is-one-of-the-most-visited-cities-by-tourists-a-perfect-blend-of-scenic-beauty-culture-and-adventure\/\" tabindex=\"-1\"><div class=\"elementor-post__thumbnail\"><img decoding=\"async\" width=\"300\" height=\"225\" src=\"https:\/\/stayy.ch\/wp-content\/uploads\/2024\/10\/Lindenhof-300x225.jpg\" class=\"attachment-medium size-medium wp-image-197036\" alt=\"Lindenhof\" srcset=\"https:\/\/stayy.ch\/wp-content\/uploads\/2024\/10\/Lindenhof-300x225.jpg 300w, https:\/\/stayy.ch\/wp-content\/uploads\/2024\/10\/Lindenhof-1024x768.jpg 1024w, https:\/\/stayy.ch\/wp-content\/uploads\/2024\/10\/Lindenhof-768x576.jpg 768w, https:\/\/stayy.ch\/wp-content\/uploads\/2024\/10\/Lindenhof-16x12.jpg 16w, https:\/\/stayy.ch\/wp-content\/uploads\/2024\/10\/Lindenhof-667x500.jpg 667w, https:\/\/stayy.ch\/wp-content\/uploads\/2024\/10\/Lindenhof.jpg 1360w\" sizes=\"(max-width: 300px) 100vw, 300px\" \/><\/div><\/a>\n\t\t\t\t<div class=\"elementor-post__badge\">Avventura<\/div>\n\t\t\t\t<div class=\"elementor-post__text\">\n\t\t\t\t<h3 class=\"elementor-post__title\">\n\t\t\t<a href=\"https:\/\/stayy.ch\/it\/why-zurich-is-one-of-the-most-visited-cities-by-tourists-a-perfect-blend-of-scenic-beauty-culture-and-adventure\/\">\n\t\t\t\tPerch\u00e9 Zurigo \u00e8 una delle citt\u00e0 pi\u00f9 visitate dai turisti: un mix perfetto di bellezza paesaggistica, cultura e avventura\t\t\t<\/a>\n\t\t<\/h3>\n\t\t\t\t<div class=\"elementor-post__excerpt\">\n\t\t\t<p>Zurigo non \u00e8 solo la citt\u00e0 pi\u00f9 grande della Svizzera, ma anche una delle destinazioni pi\u00f9 visitate in Europa. Con i suoi paesaggi naturali mozzafiato, le ricche esperienze culturali,<\/p>\n\t\t<\/div>\n\t\t\n\t\t<a class=\"elementor-post__read-more\" href=\"https:\/\/stayy.ch\/it\/why-zurich-is-one-of-the-most-visited-cities-by-tourists-a-perfect-blend-of-scenic-beauty-culture-and-adventure\/\" aria-label=\"Leggi tutto Perch\u00e9 Zurigo \u00e8 una delle citt\u00e0 pi\u00f9 visitate dai turisti: un mix perfetto di bellezza paesaggistica, cultura e avventura\" tabindex=\"-1\">\n\t\t\tPer saperne di pi\u00f9 &quot;\t\t<\/a>\n\n\t\t\t\t<\/div>\n\t\t\t\t\t<\/div>\n\t\t<\/article>\n\t\t\t\t<article class=\"elementor-post elementor-grid-item post-197050 post type-post status-publish format-standard has-post-thumbnail hentry category-adventure\" role=\"listitem\">\n\t\t\t<div class=\"elementor-post__card\">\n\t\t\t\t<a class=\"elementor-post__thumbnail__link\" href=\"https:\/\/stayy.ch\/it\/top-10-places-to-visit-in-zurich-must-see-attractions-for-your-trip\/\" tabindex=\"-1\"><div class=\"elementor-post__thumbnail\"><img loading=\"lazy\" decoding=\"async\" width=\"300\" height=\"200\" src=\"https:\/\/stayy.ch\/wp-content\/uploads\/2024\/10\/Lake-Zurich-1-300x200.jpg\" class=\"attachment-medium size-medium wp-image-197051\" alt=\"Lake Zurich\" srcset=\"https:\/\/stayy.ch\/wp-content\/uploads\/2024\/10\/Lake-Zurich-1-300x200.jpg 300w, https:\/\/stayy.ch\/wp-content\/uploads\/2024\/10\/Lake-Zurich-1-1024x683.jpg 1024w, https:\/\/stayy.ch\/wp-content\/uploads\/2024\/10\/Lake-Zurich-1-768x512.jpg 768w, https:\/\/stayy.ch\/wp-content\/uploads\/2024\/10\/Lake-Zurich-1-1536x1024.jpg 1536w, https:\/\/stayy.ch\/wp-content\/uploads\/2024\/10\/Lake-Zurich-1-2048x1365.jpg 2048w, https:\/\/stayy.ch\/wp-content\/uploads\/2024\/10\/Lake-Zurich-1-18x12.jpg 18w, https:\/\/stayy.ch\/wp-content\/uploads\/2024\/10\/Lake-Zurich-1-450x300.jpg 450w, https:\/\/stayy.ch\/wp-content\/uploads\/2024\/10\/Lake-Zurich-1-1140x760.jpg 1140w, https:\/\/stayy.ch\/wp-content\/uploads\/2024\/10\/Lake-Zurich-1-120x80.jpg 120w, https:\/\/stayy.ch\/wp-content\/uploads\/2024\/10\/Lake-Zurich-1-750x500.jpg 750w, https:\/\/stayy.ch\/wp-content\/uploads\/2024\/10\/Lake-Zurich-1-scaled.jpg 1800w\" sizes=\"(max-width: 300px) 100vw, 300px\" \/><\/div><\/a>\n\t\t\t\t<div class=\"elementor-post__badge\">Avventura<\/div>\n\t\t\t\t<div class=\"elementor-post__text\">\n\t\t\t\t<h3 class=\"elementor-post__title\">\n\t\t\t<a href=\"https:\/\/stayy.ch\/it\/top-10-places-to-visit-in-zurich-must-see-attractions-for-your-trip\/\">\n\t\t\t\tI 10 posti migliori da visitare a Zurigo: attrazioni imperdibili per il tuo viaggio\t\t\t<\/a>\n\t\t<\/h3>\n\t\t\t\t<div class=\"elementor-post__excerpt\">\n\t\t\t<p>Zurigo, con il suo mix di fascino storico e raffinatezza moderna, \u00e8 piena di luoghi incredibili da esplorare. Che tu stia passeggiando per le strade acciottolate o godendoti<\/p>\n\t\t<\/div>\n\t\t\n\t\t<a class=\"elementor-post__read-more\" href=\"https:\/\/stayy.ch\/it\/top-10-places-to-visit-in-zurich-must-see-attractions-for-your-trip\/\" aria-label=\"Leggi tutto I 10 posti migliori da visitare a Zurigo: attrazioni imperdibili per il tuo viaggio\" tabindex=\"-1\">\n\t\t\tPer saperne di pi\u00f9 &quot;\t\t<\/a>\n\n\t\t\t\t<\/div>\n\t\t\t\t\t<\/div>\n\t\t<\/article>\n\t\t\t\t<\/div>\n\t\t\n\t\t\t\t\t\t<\/div>\n\t\t\t\t<\/div>\n\t\t\t\t\t<\/div>\n\t\t<\/div>\n\t\t\t\t\t<\/div>\n\t\t<\/section>\n\t\t\t\t<\/div>","protected":false},"excerpt":{"rendered":"","protected":false},"author":2,"featured_media":0,"parent":0,"menu_order":0,"comment_status":"closed","ping_status":"closed","template":"","meta":{"_acf_changed":false,"footnotes":""},"class_list":["post-193900","page","type-page","status-publish","hentry"],"acf":[],"_links":{"self":[{"href":"https:\/\/stayy.ch\/it\/wp-json\/wp\/v2\/pages\/193900","targetHints":{"allow":["GET"]}}],"collection":[{"href":"https:\/\/stayy.ch\/it\/wp-json\/wp\/v2\/pages"}],"about":[{"href":"https:\/\/stayy.ch\/it\/wp-json\/wp\/v2\/types\/page"}],"author":[{"embeddable":true,"href":"https:\/\/stayy.ch\/it\/wp-json\/wp\/v2\/users\/2"}],"replies":[{"embeddable":true,"href":"https:\/\/stayy.ch\/it\/wp-json\/wp\/v2\/comments?post=193900"}],"version-history":[{"count":55,"href":"https:\/\/stayy.ch\/it\/wp-json\/wp\/v2\/pages\/193900\/revisions"}],"predecessor-version":[{"id":198200,"href":"https:\/\/stayy.ch\/it\/wp-json\/wp\/v2\/pages\/193900\/revisions\/198200"}],"wp:attachment":[{"href":"https:\/\/stayy.ch\/it\/wp-json\/wp\/v2\/media?parent=193900"}],"curies":[{"name":"parola chiave","href":"https:\/\/api.w.org\/{rel}","templated":true}]}}